{"id":6635,"date":"2026-04-27T09:29:19","date_gmt":"2026-04-27T07:29:19","guid":{"rendered":"https:\/\/remtrak.pl\/?page_id=6635"},"modified":"2026-04-28T08:46:05","modified_gmt":"2026-04-28T06:46:05","slug":"archiwum-ofert","status":"publish","type":"page","link":"https:\/\/remtrak.pl\/index.php\/archiwum-ofert\/","title":{"rendered":"ARCHIWUM OFERT"},"content":{"rendered":"\t\t<div data-elementor-type=\"wp-post\" data-elementor-id=\"6635\" class=\"elementor elementor-6635\" data-elementor-post-type=\"page\">\n\t\t\t\t\t\t<section data-particle_enable=\"false\" data-particle-mobile-disabled=\"false\" class=\"elementor-section elementor-top-section elementor-element elementor-element-91a046c elementor-section-boxed elementor-section-height-default elementor-section-height-default\" data-id=\"91a046c\" data-element_type=\"section\">\n\t\t\t\t\t\t<div class=\"elementor-container elementor-column-gap-default\">\n\t\t\t\t\t<div class=\"elementor-column elementor-col-100 elementor-top-column elementor-element elementor-element-ab419a0\" data-id=\"ab419a0\" data-element_type=\"column\">\n\t\t\t<div class=\"elementor-widget-wrap elementor-element-populated\">\n\t\t\t\t\t\t<div class=\"elementor-element elementor-element-f0f139b elementor-widget elementor-widget-text-editor\" data-id=\"f0f139b\" data-element_type=\"widget\" data-widget_type=\"text-editor.default\">\n\t\t\t\t<div class=\"elementor-widget-container\">\n\t\t\t<style>\/*! elementor - v3.23.0 - 05-08-2024 *\/\n.elementor-widget-text-editor.elementor-drop-cap-view-stacked .elementor-drop-cap{background-color:#69727d;color:#fff}.elementor-widget-text-editor.elementor-drop-cap-view-framed .elementor-drop-cap{color:#69727d;border:3px solid;background-color:transparent}.elementor-widget-text-editor:not(.elementor-drop-cap-view-default) .elementor-drop-cap{margin-top:8px}.elementor-widget-text-editor:not(.elementor-drop-cap-view-default) .elementor-drop-cap-letter{width:1em;height:1em}.elementor-widget-text-editor .elementor-drop-cap{float:left;text-align:center;line-height:1;font-size:50px}.elementor-widget-text-editor .elementor-drop-cap-letter{display:inline-block}<\/style>\t\t\t\t<h3 style=\"text-align: center;\"><strong><span style=\"color: #000000;\">ARCHIWUM OFERT<\/span><\/strong><\/h3>\t\t\t\t\t\t<\/div>\n\t\t\t\t<\/div>\n\t\t\t\t\t<\/div>\n\t\t<\/div>\n\t\t\t\t\t<\/div>\n\t\t<\/section>\n\t\t\t\t<section data-particle_enable=\"false\" data-particle-mobile-disabled=\"false\" class=\"elementor-section elementor-top-section elementor-element elementor-element-5758561 elementor-section-boxed elementor-section-height-default elementor-section-height-default\" data-id=\"5758561\" data-element_type=\"section\">\n\t\t\t\t\t\t<div class=\"elementor-container elementor-column-gap-default\">\n\t\t\t\t\t<div class=\"elementor-column elementor-col-100 elementor-top-column elementor-element elementor-element-0074d92\" data-id=\"0074d92\" data-element_type=\"column\">\n\t\t\t<div class=\"elementor-widget-wrap elementor-element-populated\">\n\t\t\t\t\t\t<div class=\"elementor-element elementor-element-5510022 elementor--h-position-center elementor--v-position-middle elementor-arrows-position-inside elementor-pagination-position-inside elementor-widget elementor-widget-slides\" data-id=\"5510022\" data-element_type=\"widget\" data-settings=\"{&quot;navigation&quot;:&quot;both&quot;,&quot;autoplay&quot;:&quot;yes&quot;,&quot;pause_on_hover&quot;:&quot;yes&quot;,&quot;pause_on_interaction&quot;:&quot;yes&quot;,&quot;autoplay_speed&quot;:5000,&quot;infinite&quot;:&quot;yes&quot;,&quot;transition&quot;:&quot;slide&quot;,&quot;transition_speed&quot;:500}\" data-widget_type=\"slides.default\">\n\t\t\t\t<div class=\"elementor-widget-container\">\n\t\t\t<style>\/*! elementor-pro - v3.17.0 - 01-11-2023 *\/\n.elementor-slides .swiper-slide-bg{background-size:cover;background-position:50%;background-repeat:no-repeat;min-width:100%;min-height:100%}.elementor-slides .swiper-slide-inner{background-repeat:no-repeat;background-position:50%;position:absolute;top:0;left:0;bottom:0;right:0;padding:50px;margin:auto}.elementor-slides .swiper-slide-inner,.elementor-slides .swiper-slide-inner:hover{color:#fff;display:flex}.elementor-slides .swiper-slide-inner .elementor-background-overlay{position:absolute;z-index:0;top:0;bottom:0;left:0;right:0}.elementor-slides .swiper-slide-inner .elementor-slide-content{position:relative;z-index:1;width:100%}.elementor-slides .swiper-slide-inner .elementor-slide-heading{font-size:35px;font-weight:700;line-height:1}.elementor-slides .swiper-slide-inner .elementor-slide-description{font-size:17px;line-height:1.4}.elementor-slides .swiper-slide-inner .elementor-slide-description:not(:last-child),.elementor-slides .swiper-slide-inner .elementor-slide-heading:not(:last-child){margin-bottom:30px}.elementor-slides .swiper-slide-inner .elementor-slide-button{border:2px solid #fff;color:#fff;background:transparent;display:inline-block}.elementor-slides .swiper-slide-inner .elementor-slide-button,.elementor-slides .swiper-slide-inner .elementor-slide-button:hover{background:transparent;color:inherit;text-decoration:none}.elementor--v-position-top .swiper-slide-inner{align-items:flex-start}.elementor--v-position-bottom .swiper-slide-inner{align-items:flex-end}.elementor--v-position-middle .swiper-slide-inner{align-items:center}.elementor--h-position-left .swiper-slide-inner{justify-content:flex-start}.elementor--h-position-right .swiper-slide-inner{justify-content:flex-end}.elementor--h-position-center .swiper-slide-inner{justify-content:center}body.rtl .elementor-widget-slides .elementor-swiper-button-next{left:10px;right:auto}body.rtl .elementor-widget-slides .elementor-swiper-button-prev{right:10px;left:auto}.elementor-slides-wrapper div:not(.swiper-slide)>.swiper-slide-inner{display:none}@media (max-width:767px){.elementor-slides .swiper-slide-inner{padding:30px}.elementor-slides .swiper-slide-inner .elementor-slide-heading{font-size:23px;line-height:1;margin-bottom:15px}.elementor-slides .swiper-slide-inner .elementor-slide-description{font-size:13px;line-height:1.4;margin-bottom:15px}}<\/style>\t\t<div class=\"elementor-swiper\">\n\t\t\t<div class=\"elementor-slides-wrapper elementor-main-swiper swiper\" dir=\"ltr\" data-animation=\"fadeInUp\">\n\t\t\t\t<div class=\"swiper-wrapper elementor-slides\">\n\t\t\t\t\t\t\t\t\t\t<div class=\"elementor-repeater-item-044fb04 swiper-slide\"><div class=\"swiper-slide-bg\" role=\"img\"><\/div><a class=\"swiper-slide-inner\" href=\"https:\/\/remtrak.pl\/index.php\/2026\/01\/29\/poszukiwany-wykonawca-uslugi-czyszczenia-wagonow-osobowych\/\"><div class=\"swiper-slide-contents\"><div class=\"elementor-slide-heading\">Poszukiwany wykonawca us\u0142ugi czyszczenia wagon\u00f3w osobowych - tapicerki foteli pasa\u017cerskich<\/div><div class=\"elementor-slide-description\">US\u0141UGI<\/div><div  class=\"elementor-button elementor-slide-button elementor-size-sm\">Kliknij po wi\u0119cej informacji<\/div><\/div><\/a><\/div><div class=\"elementor-repeater-item-649bb32 swiper-slide\"><div class=\"swiper-slide-bg\" role=\"img\"><\/div><a class=\"swiper-slide-inner\" href=\"https:\/\/remtrak.pl\/index.php\/2026\/01\/29\/poszukiwany-wykonawca-uslugi-czyszczenia-wagonow-osobowych-wykladziny-podlogowej\/\"><div class=\"swiper-slide-contents\"><div class=\"elementor-slide-heading\">Poszukiwany wykonawca us\u0142ugi czyszczenia wagon\u00f3w osobowych - wyk\u0142adziny pod\u0142ogowej<\/div><div class=\"elementor-slide-description\">US\u0141UGI<\/div><div  class=\"elementor-button elementor-slide-button elementor-size-sm\">Kliknij po wi\u0119cej informacji<\/div><\/div><\/a><\/div><div class=\"elementor-repeater-item-d0495f0 swiper-slide\"><div class=\"swiper-slide-bg\" role=\"img\"><\/div><a class=\"swiper-slide-inner\" href=\"https:\/\/remtrak.pl\/index.php\/2026\/01\/29\/poszukiwany-wykonawca-uslugi-sprzatania-wagonow-osobowych\/\"><div class=\"swiper-slide-contents\"><div class=\"elementor-slide-heading\">Poszukiwany wykonawca us\u0142ugi sprz\u0105tania wagon\u00f3w osobowych<\/div><div class=\"elementor-slide-description\">US\u0141UGI<\/div><div  class=\"elementor-button elementor-slide-button elementor-size-sm\">Kliknij po wi\u0119cej informacji<\/div><\/div><\/a><\/div><div class=\"elementor-repeater-item-5cb0c9c swiper-slide\"><div class=\"swiper-slide-bg\" role=\"img\"><\/div><a class=\"swiper-slide-inner\" href=\"https:\/\/remtrak.pl\/index.php\/2026\/01\/29\/zakup-pokrowcow-oparc-glowy-do-wagonow-osobowych-wg-wzoru\/\"><div class=\"swiper-slide-contents\"><div class=\"elementor-slide-heading\">Pokrowce opar\u0107 g\u0142owy do wagon\u00f3w osobowych wg wzoru<\/div><div class=\"elementor-slide-description\">ZAKUP<\/div><div  class=\"elementor-button elementor-slide-button elementor-size-sm\">Kliknij po wi\u0119cej informacji<\/div><\/div><\/a><\/div><div class=\"elementor-repeater-item-0cff83b swiper-slide\"><div class=\"swiper-slide-bg\" role=\"img\"><\/div><a class=\"swiper-slide-inner\" href=\"https:\/\/remtrak.pl\/index.php\/2026\/01\/26\/starouzyteczne-wozki-wagonowe-typu-4anc-4ancs\/\"><div class=\"swiper-slide-contents\"><div class=\"elementor-slide-heading\">Starou\u017cyteczne w\u00f3zki wagonowe typu 4ANc \/ 4ANcS<\/div><div class=\"elementor-slide-description\">SPRZEDA\u017b<\/div><div  class=\"elementor-button elementor-slide-button elementor-size-sm\">Kliknij po wi\u0119cej informacji<\/div><\/div><\/a><\/div>\t\t\t\t<\/div>\n\t\t\t\t\t\t\t\t\t\t\t\t\t\t\t<div class=\"swiper-pagination\"><\/div>\n\t\t\t\t\t\t\t\t\t\t\t\t\t\t\t\t<div class=\"elementor-swiper-button elementor-swiper-button-prev\" role=\"button\" tabindex=\"0\">\n\t\t\t\t\t\t\t<i aria-hidden=\"true\" class=\"eicon-chevron-left\"><\/i>\t\t\t\t\t\t\t<span class=\"elementor-screen-only\">Previous slide<\/span>\n\t\t\t\t\t\t<\/div>\n\t\t\t\t\t\t<div class=\"elementor-swiper-button elementor-swiper-button-next\" role=\"button\" tabindex=\"0\">\n\t\t\t\t\t\t\t<i aria-hidden=\"true\" class=\"eicon-chevron-right\"><\/i>\t\t\t\t\t\t\t<span class=\"elementor-screen-only\">Next slide<\/span>\n\t\t\t\t\t\t<\/div>\n\t\t\t\t\t\t\t\t\t\t\t\t<\/div>\n\t\t<\/div>\n\t\t\t\t<\/div>\n\t\t\t\t<\/div>\n\t\t\t\t\t<\/div>\n\t\t<\/div>\n\t\t\t\t\t<\/div>\n\t\t<\/section>\n\t\t\t\t<\/div>\n\t\t","protected":false},"excerpt":{"rendered":"<p>ARCHIWUM OFERT Poszukiwany wykonawca us\u0142ugi czyszczenia wagon\u00f3w osobowych &#8211; tapicerki foteli pasa\u017cerskichUS\u0141UGIKliknij po wi\u0119cej informacjiPoszukiwany wykonawca us\u0142ugi czyszczenia wagon\u00f3w osobowych&hellip;<\/p>\n","protected":false},"author":1,"featured_media":0,"parent":0,"menu_order":99,"comment_status":"closed","ping_status":"closed","template":"","meta":{"footnotes":""},"class_list":["post-6635","page","type-page","status-publish","hentry"],"yoast_head":"<!-- This site is optimized with the Yoast SEO plugin v26.6 - https:\/\/yoast.com\/wordpress\/plugins\/seo\/ -->\n<title>ARCHIWUM OFERT - PKP Intercity Remtrak Sp. z o.o.<\/title>\n<meta name=\"robots\" content=\"index, follow, max-snippet:-1, max-image-preview:large, max-video-preview:-1\" \/>\n<link rel=\"canonical\" href=\"https:\/\/remtrak.pl\/index.php\/archiwum-ofert\/\" \/>\n<meta property=\"og:locale\" content=\"pl_PL\" \/>\n<meta property=\"og:type\" content=\"article\" \/>\n<meta property=\"og:title\" content=\"ARCHIWUM OFERT - PKP Intercity Remtrak Sp. z o.o.\" \/>\n<meta property=\"og:description\" content=\"ARCHIWUM OFERT Poszukiwany wykonawca us\u0142ugi czyszczenia wagon\u00f3w osobowych &#8211; tapicerki foteli pasa\u017cerskichUS\u0141UGIKliknij po wi\u0119cej informacjiPoszukiwany wykonawca us\u0142ugi czyszczenia wagon\u00f3w osobowych&hellip;\" \/>\n<meta property=\"og:url\" content=\"https:\/\/remtrak.pl\/index.php\/archiwum-ofert\/\" \/>\n<meta property=\"og:site_name\" content=\"PKP Intercity Remtrak Sp. z o.o.\" \/>\n<meta property=\"article:publisher\" content=\"https:\/\/www.facebook.com\/REMTRAK.Modernizacje.Naprawy.Wagony.Lokomotywy\/\" \/>\n<meta property=\"article:modified_time\" content=\"2026-04-28T06:46:05+00:00\" \/>\n<meta name=\"twitter:card\" content=\"summary_large_image\" \/>\n<meta name=\"twitter:label1\" content=\"Szacowany czas czytania\" \/>\n\t<meta name=\"twitter:data1\" content=\"2 minuty\" \/>\n<script type=\"application\/ld+json\" class=\"yoast-schema-graph\">{\"@context\":\"https:\/\/schema.org\",\"@graph\":[{\"@type\":\"WebPage\",\"@id\":\"https:\/\/remtrak.pl\/index.php\/archiwum-ofert\/\",\"url\":\"https:\/\/remtrak.pl\/index.php\/archiwum-ofert\/\",\"name\":\"ARCHIWUM OFERT - PKP Intercity Remtrak Sp. z o.o.\",\"isPartOf\":{\"@id\":\"https:\/\/remtrak.pl\/#website\"},\"datePublished\":\"2026-04-27T07:29:19+00:00\",\"dateModified\":\"2026-04-28T06:46:05+00:00\",\"breadcrumb\":{\"@id\":\"https:\/\/remtrak.pl\/index.php\/archiwum-ofert\/#breadcrumb\"},\"inLanguage\":\"pl-PL\",\"potentialAction\":[{\"@type\":\"ReadAction\",\"target\":[\"https:\/\/remtrak.pl\/index.php\/archiwum-ofert\/\"]}]},{\"@type\":\"BreadcrumbList\",\"@id\":\"https:\/\/remtrak.pl\/index.php\/archiwum-ofert\/#breadcrumb\",\"itemListElement\":[{\"@type\":\"ListItem\",\"position\":1,\"name\":\"Strona g\u0142\u00f3wna\",\"item\":\"https:\/\/remtrak.pl\/\"},{\"@type\":\"ListItem\",\"position\":2,\"name\":\"ARCHIWUM OFERT\"}]},{\"@type\":\"WebSite\",\"@id\":\"https:\/\/remtrak.pl\/#website\",\"url\":\"https:\/\/remtrak.pl\/\",\"name\":\"PKP Intercity Remtrak Sp. z o.o.\",\"description\":\"PKP Intercity Remtrak Sp. z o.o. (wcze\u015bniej Zak\u0142ad Us\u0142ug Taborowych REMTRAK Sp. z o.o.) istnieje od 2000 roku. Dzi\u0119ki wizji oraz determinacji, ewoluuj\u0105c od lokalnego, ma\u0142ego zaplecza remontowego, poprzez zak\u0142ad specjalizuj\u0105cy si\u0119 w naprawach pasa\u017cerskiego taboru kolejowego, w tym wagon\u00f3w i lokomotyw. Aktualnie dzia\u0142amy w strukturze regionalnych Zak\u0142ad\u00f3w Produkcyjnych, zlokalizowanych w Libiszowie (dawniej Idzikowice) k. Opoczna, Warszawie Groch\u00f3w i Opolu, wspieranych przez Central\u0119 Sp\u00f3\u0142ki w Libiszowie, a tak\u017ce poprzez centra kadrowo-administracyjno-finansowe w Warszawie i Toruniu. Siedziba Sp\u00f3\u0142ki to Libisz\u00f3w 104, 26-300 Opoczno. Specjalizujemy si\u0119 w wysokiej jako\u015bci naprawach pasa\u017cerskiego taboru kolejowego. Nasze do\u015bwiadczenie, wykwalifikowana kadra i sprawdzona  \\t\\t\\t  technologia napraw pozwalaj\u0105 zaoferowa\u0107 konkurencyjne warunki w coraz szerszym zakresie us\u0142ug, dostosowanych do potrzeb naszych klient\u00f3w.\",\"publisher\":{\"@id\":\"https:\/\/remtrak.pl\/#organization\"},\"alternateName\":\"PKP IC Remtrak\",\"potentialAction\":[{\"@type\":\"SearchAction\",\"target\":{\"@type\":\"EntryPoint\",\"urlTemplate\":\"https:\/\/remtrak.pl\/?s={search_term_string}\"},\"query-input\":{\"@type\":\"PropertyValueSpecification\",\"valueRequired\":true,\"valueName\":\"search_term_string\"}}],\"inLanguage\":\"pl-PL\"},{\"@type\":\"Organization\",\"@id\":\"https:\/\/remtrak.pl\/#organization\",\"name\":\"PKP Intercity Remtrak Sp\u00f3\u0142ka z ograniczon\u0105 odpowiedzialno\u015bci\u0105\",\"alternateName\":\"PKP IC Remtrak\",\"url\":\"https:\/\/remtrak.pl\/\",\"logo\":{\"@type\":\"ImageObject\",\"inLanguage\":\"pl-PL\",\"@id\":\"https:\/\/remtrak.pl\/#\/schema\/logo\/image\/\",\"url\":\"https:\/\/remtrak.pl\/wp-content\/uploads\/2023\/03\/logo-2.png\",\"contentUrl\":\"https:\/\/remtrak.pl\/wp-content\/uploads\/2023\/03\/logo-2.png\",\"width\":1536,\"height\":583,\"caption\":\"PKP Intercity Remtrak Sp\u00f3\u0142ka z ograniczon\u0105 odpowiedzialno\u015bci\u0105\"},\"image\":{\"@id\":\"https:\/\/remtrak.pl\/#\/schema\/logo\/image\/\"},\"sameAs\":[\"https:\/\/www.facebook.com\/REMTRAK.Modernizacje.Naprawy.Wagony.Lokomotywy\/\"]}]}<\/script>\n<!-- \/ Yoast SEO plugin. -->","yoast_head_json":{"title":"ARCHIWUM OFERT - PKP Intercity Remtrak Sp. z o.o.","robots":{"index":"index","follow":"follow","max-snippet":"max-snippet:-1","max-image-preview":"max-image-preview:large","max-video-preview":"max-video-preview:-1"},"canonical":"https:\/\/remtrak.pl\/index.php\/archiwum-ofert\/","og_locale":"pl_PL","og_type":"article","og_title":"ARCHIWUM OFERT - PKP Intercity Remtrak Sp. z o.o.","og_description":"ARCHIWUM OFERT Poszukiwany wykonawca us\u0142ugi czyszczenia wagon\u00f3w osobowych &#8211; tapicerki foteli pasa\u017cerskichUS\u0141UGIKliknij po wi\u0119cej informacjiPoszukiwany wykonawca us\u0142ugi czyszczenia wagon\u00f3w osobowych&hellip;","og_url":"https:\/\/remtrak.pl\/index.php\/archiwum-ofert\/","og_site_name":"PKP Intercity Remtrak Sp. z o.o.","article_publisher":"https:\/\/www.facebook.com\/REMTRAK.Modernizacje.Naprawy.Wagony.Lokomotywy\/","article_modified_time":"2026-04-28T06:46:05+00:00","twitter_card":"summary_large_image","twitter_misc":{"Szacowany czas czytania":"2 minuty"},"schema":{"@context":"https:\/\/schema.org","@graph":[{"@type":"WebPage","@id":"https:\/\/remtrak.pl\/index.php\/archiwum-ofert\/","url":"https:\/\/remtrak.pl\/index.php\/archiwum-ofert\/","name":"ARCHIWUM OFERT - PKP Intercity Remtrak Sp. z o.o.","isPartOf":{"@id":"https:\/\/remtrak.pl\/#website"},"datePublished":"2026-04-27T07:29:19+00:00","dateModified":"2026-04-28T06:46:05+00:00","breadcrumb":{"@id":"https:\/\/remtrak.pl\/index.php\/archiwum-ofert\/#breadcrumb"},"inLanguage":"pl-PL","potentialAction":[{"@type":"ReadAction","target":["https:\/\/remtrak.pl\/index.php\/archiwum-ofert\/"]}]},{"@type":"BreadcrumbList","@id":"https:\/\/remtrak.pl\/index.php\/archiwum-ofert\/#breadcrumb","itemListElement":[{"@type":"ListItem","position":1,"name":"Strona g\u0142\u00f3wna","item":"https:\/\/remtrak.pl\/"},{"@type":"ListItem","position":2,"name":"ARCHIWUM OFERT"}]},{"@type":"WebSite","@id":"https:\/\/remtrak.pl\/#website","url":"https:\/\/remtrak.pl\/","name":"PKP Intercity Remtrak Sp. z o.o.","description":"PKP Intercity Remtrak Sp. z o.o. (wcze\u015bniej Zak\u0142ad Us\u0142ug Taborowych REMTRAK Sp. z o.o.) istnieje od 2000 roku. Dzi\u0119ki wizji oraz determinacji, ewoluuj\u0105c od lokalnego, ma\u0142ego zaplecza remontowego, poprzez zak\u0142ad specjalizuj\u0105cy si\u0119 w naprawach pasa\u017cerskiego taboru kolejowego, w tym wagon\u00f3w i lokomotyw. Aktualnie dzia\u0142amy w strukturze regionalnych Zak\u0142ad\u00f3w Produkcyjnych, zlokalizowanych w Libiszowie (dawniej Idzikowice) k. Opoczna, Warszawie Groch\u00f3w i Opolu, wspieranych przez Central\u0119 Sp\u00f3\u0142ki w Libiszowie, a tak\u017ce poprzez centra kadrowo-administracyjno-finansowe w Warszawie i Toruniu. Siedziba Sp\u00f3\u0142ki to Libisz\u00f3w 104, 26-300 Opoczno. Specjalizujemy si\u0119 w wysokiej jako\u015bci naprawach pasa\u017cerskiego taboru kolejowego. Nasze do\u015bwiadczenie, wykwalifikowana kadra i sprawdzona  \t\t\t  technologia napraw pozwalaj\u0105 zaoferowa\u0107 konkurencyjne warunki w coraz szerszym zakresie us\u0142ug, dostosowanych do potrzeb naszych klient\u00f3w.","publisher":{"@id":"https:\/\/remtrak.pl\/#organization"},"alternateName":"PKP IC Remtrak","potentialAction":[{"@type":"SearchAction","target":{"@type":"EntryPoint","urlTemplate":"https:\/\/remtrak.pl\/?s={search_term_string}"},"query-input":{"@type":"PropertyValueSpecification","valueRequired":true,"valueName":"search_term_string"}}],"inLanguage":"pl-PL"},{"@type":"Organization","@id":"https:\/\/remtrak.pl\/#organization","name":"PKP Intercity Remtrak Sp\u00f3\u0142ka z ograniczon\u0105 odpowiedzialno\u015bci\u0105","alternateName":"PKP IC Remtrak","url":"https:\/\/remtrak.pl\/","logo":{"@type":"ImageObject","inLanguage":"pl-PL","@id":"https:\/\/remtrak.pl\/#\/schema\/logo\/image\/","url":"https:\/\/remtrak.pl\/wp-content\/uploads\/2023\/03\/logo-2.png","contentUrl":"https:\/\/remtrak.pl\/wp-content\/uploads\/2023\/03\/logo-2.png","width":1536,"height":583,"caption":"PKP Intercity Remtrak Sp\u00f3\u0142ka z ograniczon\u0105 odpowiedzialno\u015bci\u0105"},"image":{"@id":"https:\/\/remtrak.pl\/#\/schema\/logo\/image\/"},"sameAs":["https:\/\/www.facebook.com\/REMTRAK.Modernizacje.Naprawy.Wagony.Lokomotywy\/"]}]}},"_links":{"self":[{"href":"https:\/\/remtrak.pl\/index.php\/wp-json\/wp\/v2\/pages\/6635","targetHints":{"allow":["GET"]}}],"collection":[{"href":"https:\/\/remtrak.pl\/index.php\/wp-json\/wp\/v2\/pages"}],"about":[{"href":"https:\/\/remtrak.pl\/index.php\/wp-json\/wp\/v2\/types\/page"}],"author":[{"embeddable":true,"href":"https:\/\/remtrak.pl\/index.php\/wp-json\/wp\/v2\/users\/1"}],"replies":[{"embeddable":true,"href":"https:\/\/remtrak.pl\/index.php\/wp-json\/wp\/v2\/comments?post=6635"}],"version-history":[{"count":25,"href":"https:\/\/remtrak.pl\/index.php\/wp-json\/wp\/v2\/pages\/6635\/revisions"}],"predecessor-version":[{"id":6681,"href":"https:\/\/remtrak.pl\/index.php\/wp-json\/wp\/v2\/pages\/6635\/revisions\/6681"}],"wp:attachment":[{"href":"https:\/\/remtrak.pl\/index.php\/wp-json\/wp\/v2\/media?parent=6635"}],"curies":[{"name":"wp","href":"https:\/\/api.w.org\/{rel}","templated":true}]}}