{"id":3118,"date":"2023-05-10T08:57:56","date_gmt":"2023-05-10T06:57:56","guid":{"rendered":"https:\/\/remtrak.pl\/?page_id=3118"},"modified":"2023-05-10T09:11:08","modified_gmt":"2023-05-10T07:11:08","slug":"o-firmie-kategorie","status":"publish","type":"page","link":"https:\/\/remtrak.pl\/index.php\/o-firmie-kategorie\/","title":{"rendered":"O FIRMIE KATEGORIE"},"content":{"rendered":"\t\t<div data-elementor-type=\"wp-post\" data-elementor-id=\"3118\" class=\"elementor elementor-3118\" data-elementor-post-type=\"page\">\n\t\t\t\t\t\t<section data-particle_enable=\"false\" data-particle-mobile-disabled=\"false\" class=\"elementor-section elementor-top-section elementor-element elementor-element-fa0b511 elementor-section-boxed elementor-section-height-default elementor-section-height-default\" data-id=\"fa0b511\" data-element_type=\"section\">\n\t\t\t\t\t\t<div class=\"elementor-container elementor-column-gap-default\">\n\t\t\t\t\t<div class=\"elementor-column elementor-col-100 elementor-top-column elementor-element elementor-element-332f803\" data-id=\"332f803\" data-element_type=\"column\">\n\t\t\t<div class=\"elementor-widget-wrap elementor-element-populated\">\n\t\t\t\t\t\t<div class=\"elementor-element elementor-element-5a2d739 elementor-widget elementor-widget-heading\" data-id=\"5a2d739\" data-element_type=\"widget\" data-widget_type=\"heading.default\">\n\t\t\t\t<div class=\"elementor-widget-container\">\n\t\t\t<style>\/*! elementor - v3.23.0 - 05-08-2024 *\/\n.elementor-heading-title{padding:0;margin:0;line-height:1}.elementor-widget-heading .elementor-heading-title[class*=elementor-size-]>a{color:inherit;font-size:inherit;line-height:inherit}.elementor-widget-heading .elementor-heading-title.elementor-size-small{font-size:15px}.elementor-widget-heading .elementor-heading-title.elementor-size-medium{font-size:19px}.elementor-widget-heading .elementor-heading-title.elementor-size-large{font-size:29px}.elementor-widget-heading .elementor-heading-title.elementor-size-xl{font-size:39px}.elementor-widget-heading .elementor-heading-title.elementor-size-xxl{font-size:59px}<\/style><h2 class=\"elementor-heading-title elementor-size-default\">O FIRMIE<\/h2>\t\t<\/div>\n\t\t\t\t<\/div>\n\t\t\t\t\t<\/div>\n\t\t<\/div>\n\t\t\t\t\t<\/div>\n\t\t<\/section>\n\t\t\t\t<section data-particle_enable=\"false\" data-particle-mobile-disabled=\"false\" class=\"elementor-section elementor-top-section elementor-element elementor-element-6effa86 elementor-section-boxed elementor-section-height-default elementor-section-height-default\" data-id=\"6effa86\" data-element_type=\"section\">\n\t\t\t\t\t\t<div class=\"elementor-container elementor-column-gap-default\">\n\t\t\t\t\t<div class=\"elementor-column elementor-col-50 elementor-top-column elementor-element elementor-element-5410285\" data-id=\"5410285\" data-element_type=\"column\">\n\t\t\t<div class=\"elementor-widget-wrap elementor-element-populated\">\n\t\t\t\t\t\t<div class=\"elementor-element elementor-element-35bfcbe elementor-widget elementor-widget-eael-creative-button\" data-id=\"35bfcbe\" data-element_type=\"widget\" data-widget_type=\"eael-creative-button.default\">\n\t\t\t\t<div class=\"elementor-widget-container\">\n\t\t\t        <div class=\"eael-creative-button-wrapper\">\n\n            <a class=\"eael-creative-button eael-creative-button--shikoba\" href=\"https:\/\/remtrak.pl\/index.php\/historia-spolki\/\" data-text=\"Go!\">\n\n\t    \n                <div class=\"creative-button-inner\">\n\n                                            <span class=\"eael-creative-button-icon-left\"><\/span>                    \n                    <span class=\"cretive-button-text\">HISTORIA SP\u00d3\u0141KI<\/span>\n\n                                    <\/div>\n\t                        <\/a>\n        <\/div>\n\t\t<\/div>\n\t\t\t\t<\/div>\n\t\t\t\t\t<\/div>\n\t\t<\/div>\n\t\t\t\t<div class=\"elementor-column elementor-col-50 elementor-top-column elementor-element elementor-element-04ddb53\" data-id=\"04ddb53\" data-element_type=\"column\">\n\t\t\t<div class=\"elementor-widget-wrap elementor-element-populated\">\n\t\t\t\t\t\t<div class=\"elementor-element elementor-element-427cac3 elementor-widget elementor-widget-eael-creative-button\" data-id=\"427cac3\" data-element_type=\"widget\" data-widget_type=\"eael-creative-button.default\">\n\t\t\t\t<div class=\"elementor-widget-container\">\n\t\t\t        <div class=\"eael-creative-button-wrapper\">\n\n            <a class=\"eael-creative-button eael-creative-button--shikoba\" href=\"https:\/\/remtrak.pl\/index.php\/wladze-spolki\/\" data-text=\"Go!\">\n\n\t    \n                <div class=\"creative-button-inner\">\n\n                                            <span class=\"eael-creative-button-icon-left\"><\/span>                    \n                    <span class=\"cretive-button-text\">W\u0141ADZE SP\u00d3\u0141KI<\/span>\n\n                                    <\/div>\n\t                        <\/a>\n        <\/div>\n\t\t<\/div>\n\t\t\t\t<\/div>\n\t\t\t\t\t<\/div>\n\t\t<\/div>\n\t\t\t\t\t<\/div>\n\t\t<\/section>\n\t\t\t\t<section data-particle_enable=\"false\" data-particle-mobile-disabled=\"false\" class=\"elementor-section elementor-top-section elementor-element elementor-element-372fdbc elementor-section-boxed elementor-section-height-default elementor-section-height-default\" data-id=\"372fdbc\" data-element_type=\"section\">\n\t\t\t\t\t\t<div class=\"elementor-container elementor-column-gap-default\">\n\t\t\t\t\t<div class=\"elementor-column elementor-col-50 elementor-top-column elementor-element elementor-element-265ba04\" data-id=\"265ba04\" data-element_type=\"column\">\n\t\t\t<div class=\"elementor-widget-wrap elementor-element-populated\">\n\t\t\t\t\t\t<div class=\"elementor-element elementor-element-db55e19 elementor-widget elementor-widget-eael-creative-button\" data-id=\"db55e19\" data-element_type=\"widget\" data-widget_type=\"eael-creative-button.default\">\n\t\t\t\t<div class=\"elementor-widget-container\">\n\t\t\t        <div class=\"eael-creative-button-wrapper\">\n\n            <a class=\"eael-creative-button eael-creative-button--shikoba\" href=\"https:\/\/remtrak.pl\/index.php\/wspolnicy-i-partnerzy\/\" data-text=\"Go!\">\n\n\t    \n                <div class=\"creative-button-inner\">\n\n                                            <span class=\"eael-creative-button-icon-left\"><\/span>                    \n                    <span class=\"cretive-button-text\">WSP\u00d3LNICY I PARTNERZY<\/span>\n\n                                    <\/div>\n\t                        <\/a>\n        <\/div>\n\t\t<\/div>\n\t\t\t\t<\/div>\n\t\t\t\t\t<\/div>\n\t\t<\/div>\n\t\t\t\t<div class=\"elementor-column elementor-col-50 elementor-top-column elementor-element elementor-element-f5a3541\" data-id=\"f5a3541\" data-element_type=\"column\">\n\t\t\t<div class=\"elementor-widget-wrap elementor-element-populated\">\n\t\t\t\t\t\t<div class=\"elementor-element elementor-element-80c0815 elementor-widget elementor-widget-eael-creative-button\" data-id=\"80c0815\" data-element_type=\"widget\" data-widget_type=\"eael-creative-button.default\">\n\t\t\t\t<div class=\"elementor-widget-container\">\n\t\t\t        <div class=\"eael-creative-button-wrapper\">\n\n            <a class=\"eael-creative-button eael-creative-button--shikoba\" href=\"https:\/\/remtrak.pl\/index.php\/polityka-jakosci-i-mms\/\" data-text=\"Go!\">\n\n\t    \n                <div class=\"creative-button-inner\">\n\n                                            <span class=\"eael-creative-button-icon-left\"><\/span>                    \n                    <span class=\"cretive-button-text\">POLITYKA JAKO\u015aCI I MMS<\/span>\n\n                                    <\/div>\n\t                        <\/a>\n        <\/div>\n\t\t<\/div>\n\t\t\t\t<\/div>\n\t\t\t\t\t<\/div>\n\t\t<\/div>\n\t\t\t\t\t<\/div>\n\t\t<\/section>\n\t\t\t\t<section data-particle_enable=\"false\" data-particle-mobile-disabled=\"false\" class=\"elementor-section elementor-top-section elementor-element elementor-element-5602a76 elementor-section-boxed elementor-section-height-default elementor-section-height-default\" data-id=\"5602a76\" data-element_type=\"section\">\n\t\t\t\t\t\t<div class=\"elementor-container elementor-column-gap-default\">\n\t\t\t\t\t<div class=\"elementor-column elementor-col-50 elementor-top-column elementor-element elementor-element-2436342\" data-id=\"2436342\" data-element_type=\"column\">\n\t\t\t<div class=\"elementor-widget-wrap elementor-element-populated\">\n\t\t\t\t\t\t<div class=\"elementor-element elementor-element-4455e46 elementor-widget elementor-widget-eael-creative-button\" data-id=\"4455e46\" data-element_type=\"widget\" data-widget_type=\"eael-creative-button.default\">\n\t\t\t\t<div class=\"elementor-widget-container\">\n\t\t\t        <div class=\"eael-creative-button-wrapper\">\n\n            <a class=\"eael-creative-button eael-creative-button--shikoba\" href=\"https:\/\/remtrak.pl\/index.php\/certyfikaty\/\" data-text=\"Go!\">\n\n\t    \n                <div class=\"creative-button-inner\">\n\n                                            <span class=\"eael-creative-button-icon-left\"><\/span>                    \n                    <span class=\"cretive-button-text\">CERTYFIKATY<\/span>\n\n                                    <\/div>\n\t                        <\/a>\n        <\/div>\n\t\t<\/div>\n\t\t\t\t<\/div>\n\t\t\t\t\t<\/div>\n\t\t<\/div>\n\t\t\t\t<div class=\"elementor-column elementor-col-50 elementor-top-column elementor-element elementor-element-3b9180b\" data-id=\"3b9180b\" data-element_type=\"column\">\n\t\t\t<div class=\"elementor-widget-wrap elementor-element-populated\">\n\t\t\t\t\t\t<div class=\"elementor-element elementor-element-63d8883 elementor-widget elementor-widget-eael-creative-button\" data-id=\"63d8883\" data-element_type=\"widget\" data-widget_type=\"eael-creative-button.default\">\n\t\t\t\t<div class=\"elementor-widget-container\">\n\t\t\t        <div class=\"eael-creative-button-wrapper\">\n\n            <a class=\"eael-creative-button eael-creative-button--shikoba\" href=\"https:\/\/remtrak.pl\/index.php\/opieka-patronacka\/\" data-text=\"Go!\">\n\n\t    \n                <div class=\"creative-button-inner\">\n\n                                            <span class=\"eael-creative-button-icon-left\"><\/span>                    \n                    <span class=\"cretive-button-text\">OPIEKA PATRONACKA<\/span>\n\n                                    <\/div>\n\t                        <\/a>\n        <\/div>\n\t\t<\/div>\n\t\t\t\t<\/div>\n\t\t\t\t\t<\/div>\n\t\t<\/div>\n\t\t\t\t\t<\/div>\n\t\t<\/section>\n\t\t\t\t<section data-particle_enable=\"false\" data-particle-mobile-disabled=\"false\" class=\"elementor-section elementor-top-section elementor-element elementor-element-f0f8db1 elementor-section-boxed elementor-section-height-default elementor-section-height-default\" data-id=\"f0f8db1\" data-element_type=\"section\">\n\t\t\t\t\t\t<div class=\"elementor-container elementor-column-gap-default\">\n\t\t\t\t\t<div class=\"elementor-column elementor-col-50 elementor-top-column elementor-element elementor-element-10c171f\" data-id=\"10c171f\" data-element_type=\"column\">\n\t\t\t<div class=\"elementor-widget-wrap elementor-element-populated\">\n\t\t\t\t\t\t<div class=\"elementor-element elementor-element-6c39fb1 elementor-widget elementor-widget-eael-creative-button\" data-id=\"6c39fb1\" data-element_type=\"widget\" data-widget_type=\"eael-creative-button.default\">\n\t\t\t\t<div class=\"elementor-widget-container\">\n\t\t\t        <div class=\"eael-creative-button-wrapper\">\n\n            <a class=\"eael-creative-button eael-creative-button--shikoba\" href=\"https:\/\/remtrak.pl\/index.php\/wirtualny-spacer\/\" data-text=\"Go!\">\n\n\t    \n                <div class=\"creative-button-inner\">\n\n                                            <span class=\"eael-creative-button-icon-left\"><\/span>                    \n                    <span class=\"cretive-button-text\">WIRTUALNY SPACER<\/span>\n\n                                    <\/div>\n\t                        <\/a>\n        <\/div>\n\t\t<\/div>\n\t\t\t\t<\/div>\n\t\t\t\t\t<\/div>\n\t\t<\/div>\n\t\t\t\t<div class=\"elementor-column elementor-col-50 elementor-top-column elementor-element elementor-element-8e00fde\" data-id=\"8e00fde\" data-element_type=\"column\">\n\t\t\t<div class=\"elementor-widget-wrap elementor-element-populated\">\n\t\t\t\t\t\t<div class=\"elementor-element elementor-element-c2fa704 elementor-widget elementor-widget-eael-creative-button\" data-id=\"c2fa704\" data-element_type=\"widget\" data-widget_type=\"eael-creative-button.default\">\n\t\t\t\t<div class=\"elementor-widget-container\">\n\t\t\t        <div class=\"eael-creative-button-wrapper\">\n\n            <a class=\"eael-creative-button eael-creative-button--shikoba\" href=\"https:\/\/remtrak.pl\/index.php\/galeria\/\" data-text=\"Go!\">\n\n\t    \n                <div class=\"creative-button-inner\">\n\n                                            <span class=\"eael-creative-button-icon-left\"><\/span>                    \n                    <span class=\"cretive-button-text\">GALERIA<\/span>\n\n                                    <\/div>\n\t                        <\/a>\n        <\/div>\n\t\t<\/div>\n\t\t\t\t<\/div>\n\t\t\t\t\t<\/div>\n\t\t<\/div>\n\t\t\t\t\t<\/div>\n\t\t<\/section>\n\t\t\t\t<\/div>\n\t\t","protected":false},"excerpt":{"rendered":"<p>O FIRMIE HISTORIA SP\u00d3\u0141KI W\u0141ADZE SP\u00d3\u0141KI WSP\u00d3LNICY I PARTNERZY POLITYKA JAKO\u015aCI I MMS CERTYFIKATY OPIEKA PATRONACKA WIRTUALNY SPACER GALERIA<\/p>\n","protected":false},"author":1,"featured_media":0,"parent":0,"menu_order":50,"comment_status":"closed","ping_status":"closed","template":"","meta":{"footnotes":""},"class_list":["post-3118","page","type-page","status-publish","hentry"],"yoast_head":"<!-- This site is optimized with the Yoast SEO plugin v26.6 - https:\/\/yoast.com\/wordpress\/plugins\/seo\/ -->\n<title>O FIRMIE KATEGORIE - PKP Intercity Remtrak Sp. z o.o.<\/title>\n<meta name=\"robots\" content=\"index, follow, max-snippet:-1, max-image-preview:large, max-video-preview:-1\" \/>\n<link rel=\"canonical\" href=\"https:\/\/remtrak.pl\/index.php\/o-firmie-kategorie\/\" \/>\n<meta property=\"og:locale\" content=\"pl_PL\" \/>\n<meta property=\"og:type\" content=\"article\" \/>\n<meta property=\"og:title\" content=\"O FIRMIE KATEGORIE - PKP Intercity Remtrak Sp. z o.o.\" \/>\n<meta property=\"og:description\" content=\"O FIRMIE HISTORIA SP\u00d3\u0141KI W\u0141ADZE SP\u00d3\u0141KI WSP\u00d3LNICY I PARTNERZY POLITYKA JAKO\u015aCI I MMS CERTYFIKATY OPIEKA PATRONACKA WIRTUALNY SPACER GALERIA\" \/>\n<meta property=\"og:url\" content=\"https:\/\/remtrak.pl\/index.php\/o-firmie-kategorie\/\" \/>\n<meta property=\"og:site_name\" content=\"PKP Intercity Remtrak Sp. z o.o.\" \/>\n<meta property=\"article:publisher\" content=\"https:\/\/www.facebook.com\/REMTRAK.Modernizacje.Naprawy.Wagony.Lokomotywy\/\" \/>\n<meta property=\"article:modified_time\" content=\"2023-05-10T07:11:08+00:00\" \/>\n<meta name=\"twitter:card\" content=\"summary_large_image\" \/>\n<script type=\"application\/ld+json\" class=\"yoast-schema-graph\">{\"@context\":\"https:\/\/schema.org\",\"@graph\":[{\"@type\":\"WebPage\",\"@id\":\"https:\/\/remtrak.pl\/index.php\/o-firmie-kategorie\/\",\"url\":\"https:\/\/remtrak.pl\/index.php\/o-firmie-kategorie\/\",\"name\":\"O FIRMIE KATEGORIE - PKP Intercity Remtrak Sp. z o.o.\",\"isPartOf\":{\"@id\":\"https:\/\/remtrak.pl\/#website\"},\"datePublished\":\"2023-05-10T06:57:56+00:00\",\"dateModified\":\"2023-05-10T07:11:08+00:00\",\"breadcrumb\":{\"@id\":\"https:\/\/remtrak.pl\/index.php\/o-firmie-kategorie\/#breadcrumb\"},\"inLanguage\":\"pl-PL\",\"potentialAction\":[{\"@type\":\"ReadAction\",\"target\":[\"https:\/\/remtrak.pl\/index.php\/o-firmie-kategorie\/\"]}]},{\"@type\":\"BreadcrumbList\",\"@id\":\"https:\/\/remtrak.pl\/index.php\/o-firmie-kategorie\/#breadcrumb\",\"itemListElement\":[{\"@type\":\"ListItem\",\"position\":1,\"name\":\"Strona g\u0142\u00f3wna\",\"item\":\"https:\/\/remtrak.pl\/\"},{\"@type\":\"ListItem\",\"position\":2,\"name\":\"O FIRMIE KATEGORIE\"}]},{\"@type\":\"WebSite\",\"@id\":\"https:\/\/remtrak.pl\/#website\",\"url\":\"https:\/\/remtrak.pl\/\",\"name\":\"PKP Intercity Remtrak Sp. z o.o.\",\"description\":\"PKP Intercity Remtrak Sp. z o.o. (wcze\u015bniej Zak\u0142ad Us\u0142ug Taborowych REMTRAK Sp. z o.o.) istnieje od 2000 roku. Dzi\u0119ki wizji oraz determinacji, ewoluuj\u0105c od lokalnego, ma\u0142ego zaplecza remontowego, poprzez zak\u0142ad specjalizuj\u0105cy si\u0119 w naprawach pasa\u017cerskiego taboru kolejowego, w tym wagon\u00f3w i lokomotyw. Aktualnie dzia\u0142amy w strukturze regionalnych Zak\u0142ad\u00f3w Produkcyjnych, zlokalizowanych w Libiszowie (dawniej Idzikowice) k. Opoczna, Warszawie Groch\u00f3w i Opolu, wspieranych przez Central\u0119 Sp\u00f3\u0142ki w Libiszowie, a tak\u017ce poprzez centra kadrowo-administracyjno-finansowe w Warszawie i Toruniu. Siedziba Sp\u00f3\u0142ki to Libisz\u00f3w 104, 26-300 Opoczno. Specjalizujemy si\u0119 w wysokiej jako\u015bci naprawach pasa\u017cerskiego taboru kolejowego. Nasze do\u015bwiadczenie, wykwalifikowana kadra i sprawdzona  \\t\\t\\t  technologia napraw pozwalaj\u0105 zaoferowa\u0107 konkurencyjne warunki w coraz szerszym zakresie us\u0142ug, dostosowanych do potrzeb naszych klient\u00f3w.\",\"publisher\":{\"@id\":\"https:\/\/remtrak.pl\/#organization\"},\"alternateName\":\"PKP IC Remtrak\",\"potentialAction\":[{\"@type\":\"SearchAction\",\"target\":{\"@type\":\"EntryPoint\",\"urlTemplate\":\"https:\/\/remtrak.pl\/?s={search_term_string}\"},\"query-input\":{\"@type\":\"PropertyValueSpecification\",\"valueRequired\":true,\"valueName\":\"search_term_string\"}}],\"inLanguage\":\"pl-PL\"},{\"@type\":\"Organization\",\"@id\":\"https:\/\/remtrak.pl\/#organization\",\"name\":\"PKP Intercity Remtrak Sp\u00f3\u0142ka z ograniczon\u0105 odpowiedzialno\u015bci\u0105\",\"alternateName\":\"PKP IC Remtrak\",\"url\":\"https:\/\/remtrak.pl\/\",\"logo\":{\"@type\":\"ImageObject\",\"inLanguage\":\"pl-PL\",\"@id\":\"https:\/\/remtrak.pl\/#\/schema\/logo\/image\/\",\"url\":\"https:\/\/remtrak.pl\/wp-content\/uploads\/2023\/03\/logo-2.png\",\"contentUrl\":\"https:\/\/remtrak.pl\/wp-content\/uploads\/2023\/03\/logo-2.png\",\"width\":1536,\"height\":583,\"caption\":\"PKP Intercity Remtrak Sp\u00f3\u0142ka z ograniczon\u0105 odpowiedzialno\u015bci\u0105\"},\"image\":{\"@id\":\"https:\/\/remtrak.pl\/#\/schema\/logo\/image\/\"},\"sameAs\":[\"https:\/\/www.facebook.com\/REMTRAK.Modernizacje.Naprawy.Wagony.Lokomotywy\/\"]}]}<\/script>\n<!-- \/ Yoast SEO plugin. -->","yoast_head_json":{"title":"O FIRMIE KATEGORIE - PKP Intercity Remtrak Sp. z o.o.","robots":{"index":"index","follow":"follow","max-snippet":"max-snippet:-1","max-image-preview":"max-image-preview:large","max-video-preview":"max-video-preview:-1"},"canonical":"https:\/\/remtrak.pl\/index.php\/o-firmie-kategorie\/","og_locale":"pl_PL","og_type":"article","og_title":"O FIRMIE KATEGORIE - PKP Intercity Remtrak Sp. z o.o.","og_description":"O FIRMIE HISTORIA SP\u00d3\u0141KI W\u0141ADZE SP\u00d3\u0141KI WSP\u00d3LNICY I PARTNERZY POLITYKA JAKO\u015aCI I MMS CERTYFIKATY OPIEKA PATRONACKA WIRTUALNY SPACER GALERIA","og_url":"https:\/\/remtrak.pl\/index.php\/o-firmie-kategorie\/","og_site_name":"PKP Intercity Remtrak Sp. z o.o.","article_publisher":"https:\/\/www.facebook.com\/REMTRAK.Modernizacje.Naprawy.Wagony.Lokomotywy\/","article_modified_time":"2023-05-10T07:11:08+00:00","twitter_card":"summary_large_image","schema":{"@context":"https:\/\/schema.org","@graph":[{"@type":"WebPage","@id":"https:\/\/remtrak.pl\/index.php\/o-firmie-kategorie\/","url":"https:\/\/remtrak.pl\/index.php\/o-firmie-kategorie\/","name":"O FIRMIE KATEGORIE - PKP Intercity Remtrak Sp. z o.o.","isPartOf":{"@id":"https:\/\/remtrak.pl\/#website"},"datePublished":"2023-05-10T06:57:56+00:00","dateModified":"2023-05-10T07:11:08+00:00","breadcrumb":{"@id":"https:\/\/remtrak.pl\/index.php\/o-firmie-kategorie\/#breadcrumb"},"inLanguage":"pl-PL","potentialAction":[{"@type":"ReadAction","target":["https:\/\/remtrak.pl\/index.php\/o-firmie-kategorie\/"]}]},{"@type":"BreadcrumbList","@id":"https:\/\/remtrak.pl\/index.php\/o-firmie-kategorie\/#breadcrumb","itemListElement":[{"@type":"ListItem","position":1,"name":"Strona g\u0142\u00f3wna","item":"https:\/\/remtrak.pl\/"},{"@type":"ListItem","position":2,"name":"O FIRMIE KATEGORIE"}]},{"@type":"WebSite","@id":"https:\/\/remtrak.pl\/#website","url":"https:\/\/remtrak.pl\/","name":"PKP Intercity Remtrak Sp. z o.o.","description":"PKP Intercity Remtrak Sp. z o.o. (wcze\u015bniej Zak\u0142ad Us\u0142ug Taborowych REMTRAK Sp. z o.o.) istnieje od 2000 roku. Dzi\u0119ki wizji oraz determinacji, ewoluuj\u0105c od lokalnego, ma\u0142ego zaplecza remontowego, poprzez zak\u0142ad specjalizuj\u0105cy si\u0119 w naprawach pasa\u017cerskiego taboru kolejowego, w tym wagon\u00f3w i lokomotyw. Aktualnie dzia\u0142amy w strukturze regionalnych Zak\u0142ad\u00f3w Produkcyjnych, zlokalizowanych w Libiszowie (dawniej Idzikowice) k. Opoczna, Warszawie Groch\u00f3w i Opolu, wspieranych przez Central\u0119 Sp\u00f3\u0142ki w Libiszowie, a tak\u017ce poprzez centra kadrowo-administracyjno-finansowe w Warszawie i Toruniu. Siedziba Sp\u00f3\u0142ki to Libisz\u00f3w 104, 26-300 Opoczno. Specjalizujemy si\u0119 w wysokiej jako\u015bci naprawach pasa\u017cerskiego taboru kolejowego. Nasze do\u015bwiadczenie, wykwalifikowana kadra i sprawdzona  \t\t\t  technologia napraw pozwalaj\u0105 zaoferowa\u0107 konkurencyjne warunki w coraz szerszym zakresie us\u0142ug, dostosowanych do potrzeb naszych klient\u00f3w.","publisher":{"@id":"https:\/\/remtrak.pl\/#organization"},"alternateName":"PKP IC Remtrak","potentialAction":[{"@type":"SearchAction","target":{"@type":"EntryPoint","urlTemplate":"https:\/\/remtrak.pl\/?s={search_term_string}"},"query-input":{"@type":"PropertyValueSpecification","valueRequired":true,"valueName":"search_term_string"}}],"inLanguage":"pl-PL"},{"@type":"Organization","@id":"https:\/\/remtrak.pl\/#organization","name":"PKP Intercity Remtrak Sp\u00f3\u0142ka z ograniczon\u0105 odpowiedzialno\u015bci\u0105","alternateName":"PKP IC Remtrak","url":"https:\/\/remtrak.pl\/","logo":{"@type":"ImageObject","inLanguage":"pl-PL","@id":"https:\/\/remtrak.pl\/#\/schema\/logo\/image\/","url":"https:\/\/remtrak.pl\/wp-content\/uploads\/2023\/03\/logo-2.png","contentUrl":"https:\/\/remtrak.pl\/wp-content\/uploads\/2023\/03\/logo-2.png","width":1536,"height":583,"caption":"PKP Intercity Remtrak Sp\u00f3\u0142ka z ograniczon\u0105 odpowiedzialno\u015bci\u0105"},"image":{"@id":"https:\/\/remtrak.pl\/#\/schema\/logo\/image\/"},"sameAs":["https:\/\/www.facebook.com\/REMTRAK.Modernizacje.Naprawy.Wagony.Lokomotywy\/"]}]}},"_links":{"self":[{"href":"https:\/\/remtrak.pl\/index.php\/wp-json\/wp\/v2\/pages\/3118","targetHints":{"allow":["GET"]}}],"collection":[{"href":"https:\/\/remtrak.pl\/index.php\/wp-json\/wp\/v2\/pages"}],"about":[{"href":"https:\/\/remtrak.pl\/index.php\/wp-json\/wp\/v2\/types\/page"}],"author":[{"embeddable":true,"href":"https:\/\/remtrak.pl\/index.php\/wp-json\/wp\/v2\/users\/1"}],"replies":[{"embeddable":true,"href":"https:\/\/remtrak.pl\/index.php\/wp-json\/wp\/v2\/comments?post=3118"}],"version-history":[{"count":5,"href":"https:\/\/remtrak.pl\/index.php\/wp-json\/wp\/v2\/pages\/3118\/revisions"}],"predecessor-version":[{"id":3123,"href":"https:\/\/remtrak.pl\/index.php\/wp-json\/wp\/v2\/pages\/3118\/revisions\/3123"}],"wp:attachment":[{"href":"https:\/\/remtrak.pl\/index.php\/wp-json\/wp\/v2\/media?parent=3118"}],"curies":[{"name":"wp","href":"https:\/\/api.w.org\/{rel}","templated":true}]}}