{"id":2485,"date":"2023-04-20T14:07:08","date_gmt":"2023-04-20T12:07:08","guid":{"rendered":"https:\/\/remtrak.pl\/?page_id=2485"},"modified":"2023-04-25T11:06:00","modified_gmt":"2023-04-25T09:06:00","slug":"tokarz","status":"publish","type":"page","link":"https:\/\/remtrak.pl\/index.php\/oferty-pracy-opole\/tokarz\/","title":{"rendered":"TOKARZ"},"content":{"rendered":"\t\t<div data-elementor-type=\"wp-post\" data-elementor-id=\"2485\" class=\"elementor elementor-2485\" data-elementor-post-type=\"page\">\n\t\t\t\t\t\t<section data-particle_enable=\"false\" data-particle-mobile-disabled=\"false\" class=\"elementor-section elementor-top-section elementor-element elementor-element-5fbb084 elementor-section-boxed elementor-section-height-default elementor-section-height-default\" data-id=\"5fbb084\" data-element_type=\"section\">\n\t\t\t\t\t\t<div class=\"elementor-container elementor-column-gap-default\">\n\t\t\t\t\t<div class=\"elementor-column elementor-col-100 elementor-top-column elementor-element elementor-element-3e39841\" data-id=\"3e39841\" data-element_type=\"column\">\n\t\t\t<div class=\"elementor-widget-wrap elementor-element-populated\">\n\t\t\t\t\t\t<div class=\"elementor-element elementor-element-5ced3ef elementor-widget elementor-widget-image\" data-id=\"5ced3ef\" data-element_type=\"widget\" data-widget_type=\"image.default\">\n\t\t\t\t<div class=\"elementor-widget-container\">\n\t\t\t<style>\/*! elementor - v3.23.0 - 05-08-2024 *\/\n.elementor-widget-image{text-align:center}.elementor-widget-image a{display:inline-block}.elementor-widget-image a img[src$=\".svg\"]{width:48px}.elementor-widget-image img{vertical-align:middle;display:inline-block}<\/style>\t\t\t\t\t\t\t\t\t\t\t<a href=\"https:\/\/remtrak.pl\/index.php\/formularze-online\/produkcja-opole\/\">\n\t\t\t\t\t\t\t<img fetchpriority=\"high\" decoding=\"async\" width=\"1811\" height=\"2560\" src=\"https:\/\/remtrak.pl\/wp-content\/uploads\/2023\/04\/plakat-rekrutacyjny-tokarz-_Opole_-scaled.jpg\" class=\"attachment-full size-full wp-image-2487\" alt=\"\" srcset=\"https:\/\/remtrak.pl\/wp-content\/uploads\/2023\/04\/plakat-rekrutacyjny-tokarz-_Opole_-scaled.jpg 1811w, https:\/\/remtrak.pl\/wp-content\/uploads\/2023\/04\/plakat-rekrutacyjny-tokarz-_Opole_-212x300.jpg 212w, https:\/\/remtrak.pl\/wp-content\/uploads\/2023\/04\/plakat-rekrutacyjny-tokarz-_Opole_-724x1024.jpg 724w, https:\/\/remtrak.pl\/wp-content\/uploads\/2023\/04\/plakat-rekrutacyjny-tokarz-_Opole_-768x1086.jpg 768w, https:\/\/remtrak.pl\/wp-content\/uploads\/2023\/04\/plakat-rekrutacyjny-tokarz-_Opole_-1086x1536.jpg 1086w, https:\/\/remtrak.pl\/wp-content\/uploads\/2023\/04\/plakat-rekrutacyjny-tokarz-_Opole_-1449x2048.jpg 1449w\" sizes=\"(max-width: 1811px) 100vw, 1811px\" \/>\t\t\t\t\t\t\t\t<\/a>\n\t\t\t\t\t\t\t\t\t\t\t\t\t<\/div>\n\t\t\t\t<\/div>\n\t\t\t\t\t<\/div>\n\t\t<\/div>\n\t\t\t\t\t<\/div>\n\t\t<\/section>\n\t\t\t\t<section data-particle_enable=\"false\" data-particle-mobile-disabled=\"false\" class=\"elementor-section elementor-top-section elementor-element elementor-element-1485865 elementor-section-boxed elementor-section-height-default elementor-section-height-default\" data-id=\"1485865\" data-element_type=\"section\">\n\t\t\t\t\t\t<div class=\"elementor-container elementor-column-gap-default\">\n\t\t\t\t\t<div class=\"elementor-column elementor-col-100 elementor-top-column elementor-element elementor-element-d859d67\" data-id=\"d859d67\" data-element_type=\"column\">\n\t\t\t<div class=\"elementor-widget-wrap elementor-element-populated\">\n\t\t\t\t\t\t<div class=\"elementor-element elementor-element-30c61df elementor-widget elementor-widget-eael-creative-button\" data-id=\"30c61df\" data-element_type=\"widget\" data-widget_type=\"eael-creative-button.default\">\n\t\t\t\t<div class=\"elementor-widget-container\">\n\t\t\t        <div class=\"eael-creative-button-wrapper\">\n\n            <a class=\"eael-creative-button eael-creative-button--moema\" href=\"https:\/\/remtrak.pl\/index.php\/formularze-online\/produkcja-opole\/\" data-text=\"APLIKUJ\">\n\n\t    \n                <div class=\"creative-button-inner\">\n\n                    \n                    <span class=\"cretive-button-text\">APLIKUJ<\/span>\n\n                                            <span class=\"eael-creative-button-icon-right\"><i aria-hidden=\"true\" class=\"far fa-address-card\"><\/i><\/span>                                    <\/div>\n\t                        <\/a>\n        <\/div>\n\t\t<\/div>\n\t\t\t\t<\/div>\n\t\t\t\t\t<\/div>\n\t\t<\/div>\n\t\t\t\t\t<\/div>\n\t\t<\/section>\n\t\t\t\t<\/div>\n\t\t","protected":false},"excerpt":{"rendered":"<p>APLIKUJ<\/p>\n","protected":false},"author":1,"featured_media":0,"parent":1947,"menu_order":2,"comment_status":"closed","ping_status":"closed","template":"","meta":{"footnotes":""},"class_list":["post-2485","page","type-page","status-publish","hentry"],"yoast_head":"<!-- This site is optimized with the Yoast SEO plugin v26.6 - https:\/\/yoast.com\/wordpress\/plugins\/seo\/ -->\n<title>TOKARZ - PKP Intercity Remtrak Sp. z o.o.<\/title>\n<meta name=\"robots\" content=\"index, follow, max-snippet:-1, max-image-preview:large, max-video-preview:-1\" \/>\n<link rel=\"canonical\" href=\"https:\/\/remtrak.pl\/index.php\/oferty-pracy-opole\/tokarz\/\" \/>\n<meta property=\"og:locale\" content=\"pl_PL\" \/>\n<meta property=\"og:type\" content=\"article\" \/>\n<meta property=\"og:title\" content=\"TOKARZ - PKP Intercity Remtrak Sp. z o.o.\" \/>\n<meta property=\"og:description\" content=\"APLIKUJ\" \/>\n<meta property=\"og:url\" content=\"https:\/\/remtrak.pl\/index.php\/oferty-pracy-opole\/tokarz\/\" \/>\n<meta property=\"og:site_name\" content=\"PKP Intercity Remtrak Sp. z o.o.\" \/>\n<meta property=\"article:publisher\" content=\"https:\/\/www.facebook.com\/REMTRAK.Modernizacje.Naprawy.Wagony.Lokomotywy\/\" \/>\n<meta property=\"article:modified_time\" content=\"2023-04-25T09:06:00+00:00\" \/>\n<meta property=\"og:image\" content=\"https:\/\/remtrak.pl\/wp-content\/uploads\/2023\/04\/plakat-rekrutacyjny-tokarz-_Opole_-scaled.jpg\" \/>\n<meta name=\"twitter:card\" content=\"summary_large_image\" \/>\n<script type=\"application\/ld+json\" class=\"yoast-schema-graph\">{\"@context\":\"https:\/\/schema.org\",\"@graph\":[{\"@type\":\"WebPage\",\"@id\":\"https:\/\/remtrak.pl\/index.php\/oferty-pracy-opole\/tokarz\/\",\"url\":\"https:\/\/remtrak.pl\/index.php\/oferty-pracy-opole\/tokarz\/\",\"name\":\"TOKARZ - PKP Intercity Remtrak Sp. z o.o.\",\"isPartOf\":{\"@id\":\"https:\/\/remtrak.pl\/#website\"},\"primaryImageOfPage\":{\"@id\":\"https:\/\/remtrak.pl\/index.php\/oferty-pracy-opole\/tokarz\/#primaryimage\"},\"image\":{\"@id\":\"https:\/\/remtrak.pl\/index.php\/oferty-pracy-opole\/tokarz\/#primaryimage\"},\"thumbnailUrl\":\"https:\/\/remtrak.pl\/wp-content\/uploads\/2023\/04\/plakat-rekrutacyjny-tokarz-_Opole_-scaled.jpg\",\"datePublished\":\"2023-04-20T12:07:08+00:00\",\"dateModified\":\"2023-04-25T09:06:00+00:00\",\"breadcrumb\":{\"@id\":\"https:\/\/remtrak.pl\/index.php\/oferty-pracy-opole\/tokarz\/#breadcrumb\"},\"inLanguage\":\"pl-PL\",\"potentialAction\":[{\"@type\":\"ReadAction\",\"target\":[\"https:\/\/remtrak.pl\/index.php\/oferty-pracy-opole\/tokarz\/\"]}]},{\"@type\":\"ImageObject\",\"inLanguage\":\"pl-PL\",\"@id\":\"https:\/\/remtrak.pl\/index.php\/oferty-pracy-opole\/tokarz\/#primaryimage\",\"url\":\"https:\/\/remtrak.pl\/wp-content\/uploads\/2023\/04\/plakat-rekrutacyjny-tokarz-_Opole_-scaled.jpg\",\"contentUrl\":\"https:\/\/remtrak.pl\/wp-content\/uploads\/2023\/04\/plakat-rekrutacyjny-tokarz-_Opole_-scaled.jpg\",\"width\":1811,\"height\":2560},{\"@type\":\"BreadcrumbList\",\"@id\":\"https:\/\/remtrak.pl\/index.php\/oferty-pracy-opole\/tokarz\/#breadcrumb\",\"itemListElement\":[{\"@type\":\"ListItem\",\"position\":1,\"name\":\"Strona g\u0142\u00f3wna\",\"item\":\"https:\/\/remtrak.pl\/\"},{\"@type\":\"ListItem\",\"position\":2,\"name\":\"OFERTY PRACY OPOLE\",\"item\":\"https:\/\/remtrak.pl\/?page_id=1947\"},{\"@type\":\"ListItem\",\"position\":3,\"name\":\"TOKARZ\"}]},{\"@type\":\"WebSite\",\"@id\":\"https:\/\/remtrak.pl\/#website\",\"url\":\"https:\/\/remtrak.pl\/\",\"name\":\"PKP Intercity Remtrak Sp. z o.o.\",\"description\":\"PKP Intercity Remtrak Sp. z o.o. (wcze\u015bniej Zak\u0142ad Us\u0142ug Taborowych REMTRAK Sp. z o.o.) istnieje od 2000 roku. Dzi\u0119ki wizji oraz determinacji, ewoluuj\u0105c od lokalnego, ma\u0142ego zaplecza remontowego, poprzez zak\u0142ad specjalizuj\u0105cy si\u0119 w naprawach pasa\u017cerskiego taboru kolejowego, w tym wagon\u00f3w i lokomotyw. Aktualnie dzia\u0142amy w strukturze regionalnych Zak\u0142ad\u00f3w Produkcyjnych, zlokalizowanych w Libiszowie (dawniej Idzikowice) k. Opoczna, Warszawie Groch\u00f3w i Opolu, wspieranych przez Central\u0119 Sp\u00f3\u0142ki w Libiszowie, a tak\u017ce poprzez centra kadrowo-administracyjno-finansowe w Warszawie i Toruniu. Siedziba Sp\u00f3\u0142ki to Libisz\u00f3w 104, 26-300 Opoczno. Specjalizujemy si\u0119 w wysokiej jako\u015bci naprawach pasa\u017cerskiego taboru kolejowego. Nasze do\u015bwiadczenie, wykwalifikowana kadra i sprawdzona  \\t\\t\\t  technologia napraw pozwalaj\u0105 zaoferowa\u0107 konkurencyjne warunki w coraz szerszym zakresie us\u0142ug, dostosowanych do potrzeb naszych klient\u00f3w.\",\"publisher\":{\"@id\":\"https:\/\/remtrak.pl\/#organization\"},\"alternateName\":\"PKP IC Remtrak\",\"potentialAction\":[{\"@type\":\"SearchAction\",\"target\":{\"@type\":\"EntryPoint\",\"urlTemplate\":\"https:\/\/remtrak.pl\/?s={search_term_string}\"},\"query-input\":{\"@type\":\"PropertyValueSpecification\",\"valueRequired\":true,\"valueName\":\"search_term_string\"}}],\"inLanguage\":\"pl-PL\"},{\"@type\":\"Organization\",\"@id\":\"https:\/\/remtrak.pl\/#organization\",\"name\":\"PKP Intercity Remtrak Sp\u00f3\u0142ka z ograniczon\u0105 odpowiedzialno\u015bci\u0105\",\"alternateName\":\"PKP IC Remtrak\",\"url\":\"https:\/\/remtrak.pl\/\",\"logo\":{\"@type\":\"ImageObject\",\"inLanguage\":\"pl-PL\",\"@id\":\"https:\/\/remtrak.pl\/#\/schema\/logo\/image\/\",\"url\":\"https:\/\/remtrak.pl\/wp-content\/uploads\/2023\/03\/logo-2.png\",\"contentUrl\":\"https:\/\/remtrak.pl\/wp-content\/uploads\/2023\/03\/logo-2.png\",\"width\":1536,\"height\":583,\"caption\":\"PKP Intercity Remtrak Sp\u00f3\u0142ka z ograniczon\u0105 odpowiedzialno\u015bci\u0105\"},\"image\":{\"@id\":\"https:\/\/remtrak.pl\/#\/schema\/logo\/image\/\"},\"sameAs\":[\"https:\/\/www.facebook.com\/REMTRAK.Modernizacje.Naprawy.Wagony.Lokomotywy\/\"]}]}<\/script>\n<!-- \/ Yoast SEO plugin. -->","yoast_head_json":{"title":"TOKARZ - PKP Intercity Remtrak Sp. z o.o.","robots":{"index":"index","follow":"follow","max-snippet":"max-snippet:-1","max-image-preview":"max-image-preview:large","max-video-preview":"max-video-preview:-1"},"canonical":"https:\/\/remtrak.pl\/index.php\/oferty-pracy-opole\/tokarz\/","og_locale":"pl_PL","og_type":"article","og_title":"TOKARZ - PKP Intercity Remtrak Sp. z o.o.","og_description":"APLIKUJ","og_url":"https:\/\/remtrak.pl\/index.php\/oferty-pracy-opole\/tokarz\/","og_site_name":"PKP Intercity Remtrak Sp. z o.o.","article_publisher":"https:\/\/www.facebook.com\/REMTRAK.Modernizacje.Naprawy.Wagony.Lokomotywy\/","article_modified_time":"2023-04-25T09:06:00+00:00","og_image":[{"url":"https:\/\/remtrak.pl\/wp-content\/uploads\/2023\/04\/plakat-rekrutacyjny-tokarz-_Opole_-scaled.jpg","type":"","width":"","height":""}],"twitter_card":"summary_large_image","schema":{"@context":"https:\/\/schema.org","@graph":[{"@type":"WebPage","@id":"https:\/\/remtrak.pl\/index.php\/oferty-pracy-opole\/tokarz\/","url":"https:\/\/remtrak.pl\/index.php\/oferty-pracy-opole\/tokarz\/","name":"TOKARZ - PKP Intercity Remtrak Sp. z o.o.","isPartOf":{"@id":"https:\/\/remtrak.pl\/#website"},"primaryImageOfPage":{"@id":"https:\/\/remtrak.pl\/index.php\/oferty-pracy-opole\/tokarz\/#primaryimage"},"image":{"@id":"https:\/\/remtrak.pl\/index.php\/oferty-pracy-opole\/tokarz\/#primaryimage"},"thumbnailUrl":"https:\/\/remtrak.pl\/wp-content\/uploads\/2023\/04\/plakat-rekrutacyjny-tokarz-_Opole_-scaled.jpg","datePublished":"2023-04-20T12:07:08+00:00","dateModified":"2023-04-25T09:06:00+00:00","breadcrumb":{"@id":"https:\/\/remtrak.pl\/index.php\/oferty-pracy-opole\/tokarz\/#breadcrumb"},"inLanguage":"pl-PL","potentialAction":[{"@type":"ReadAction","target":["https:\/\/remtrak.pl\/index.php\/oferty-pracy-opole\/tokarz\/"]}]},{"@type":"ImageObject","inLanguage":"pl-PL","@id":"https:\/\/remtrak.pl\/index.php\/oferty-pracy-opole\/tokarz\/#primaryimage","url":"https:\/\/remtrak.pl\/wp-content\/uploads\/2023\/04\/plakat-rekrutacyjny-tokarz-_Opole_-scaled.jpg","contentUrl":"https:\/\/remtrak.pl\/wp-content\/uploads\/2023\/04\/plakat-rekrutacyjny-tokarz-_Opole_-scaled.jpg","width":1811,"height":2560},{"@type":"BreadcrumbList","@id":"https:\/\/remtrak.pl\/index.php\/oferty-pracy-opole\/tokarz\/#breadcrumb","itemListElement":[{"@type":"ListItem","position":1,"name":"Strona g\u0142\u00f3wna","item":"https:\/\/remtrak.pl\/"},{"@type":"ListItem","position":2,"name":"OFERTY PRACY OPOLE","item":"https:\/\/remtrak.pl\/?page_id=1947"},{"@type":"ListItem","position":3,"name":"TOKARZ"}]},{"@type":"WebSite","@id":"https:\/\/remtrak.pl\/#website","url":"https:\/\/remtrak.pl\/","name":"PKP Intercity Remtrak Sp. z o.o.","description":"PKP Intercity Remtrak Sp. z o.o. (wcze\u015bniej Zak\u0142ad Us\u0142ug Taborowych REMTRAK Sp. z o.o.) istnieje od 2000 roku. Dzi\u0119ki wizji oraz determinacji, ewoluuj\u0105c od lokalnego, ma\u0142ego zaplecza remontowego, poprzez zak\u0142ad specjalizuj\u0105cy si\u0119 w naprawach pasa\u017cerskiego taboru kolejowego, w tym wagon\u00f3w i lokomotyw. Aktualnie dzia\u0142amy w strukturze regionalnych Zak\u0142ad\u00f3w Produkcyjnych, zlokalizowanych w Libiszowie (dawniej Idzikowice) k. Opoczna, Warszawie Groch\u00f3w i Opolu, wspieranych przez Central\u0119 Sp\u00f3\u0142ki w Libiszowie, a tak\u017ce poprzez centra kadrowo-administracyjno-finansowe w Warszawie i Toruniu. Siedziba Sp\u00f3\u0142ki to Libisz\u00f3w 104, 26-300 Opoczno. Specjalizujemy si\u0119 w wysokiej jako\u015bci naprawach pasa\u017cerskiego taboru kolejowego. Nasze do\u015bwiadczenie, wykwalifikowana kadra i sprawdzona  \t\t\t  technologia napraw pozwalaj\u0105 zaoferowa\u0107 konkurencyjne warunki w coraz szerszym zakresie us\u0142ug, dostosowanych do potrzeb naszych klient\u00f3w.","publisher":{"@id":"https:\/\/remtrak.pl\/#organization"},"alternateName":"PKP IC Remtrak","potentialAction":[{"@type":"SearchAction","target":{"@type":"EntryPoint","urlTemplate":"https:\/\/remtrak.pl\/?s={search_term_string}"},"query-input":{"@type":"PropertyValueSpecification","valueRequired":true,"valueName":"search_term_string"}}],"inLanguage":"pl-PL"},{"@type":"Organization","@id":"https:\/\/remtrak.pl\/#organization","name":"PKP Intercity Remtrak Sp\u00f3\u0142ka z ograniczon\u0105 odpowiedzialno\u015bci\u0105","alternateName":"PKP IC Remtrak","url":"https:\/\/remtrak.pl\/","logo":{"@type":"ImageObject","inLanguage":"pl-PL","@id":"https:\/\/remtrak.pl\/#\/schema\/logo\/image\/","url":"https:\/\/remtrak.pl\/wp-content\/uploads\/2023\/03\/logo-2.png","contentUrl":"https:\/\/remtrak.pl\/wp-content\/uploads\/2023\/03\/logo-2.png","width":1536,"height":583,"caption":"PKP Intercity Remtrak Sp\u00f3\u0142ka z ograniczon\u0105 odpowiedzialno\u015bci\u0105"},"image":{"@id":"https:\/\/remtrak.pl\/#\/schema\/logo\/image\/"},"sameAs":["https:\/\/www.facebook.com\/REMTRAK.Modernizacje.Naprawy.Wagony.Lokomotywy\/"]}]}},"_links":{"self":[{"href":"https:\/\/remtrak.pl\/index.php\/wp-json\/wp\/v2\/pages\/2485","targetHints":{"allow":["GET"]}}],"collection":[{"href":"https:\/\/remtrak.pl\/index.php\/wp-json\/wp\/v2\/pages"}],"about":[{"href":"https:\/\/remtrak.pl\/index.php\/wp-json\/wp\/v2\/types\/page"}],"author":[{"embeddable":true,"href":"https:\/\/remtrak.pl\/index.php\/wp-json\/wp\/v2\/users\/1"}],"replies":[{"embeddable":true,"href":"https:\/\/remtrak.pl\/index.php\/wp-json\/wp\/v2\/comments?post=2485"}],"version-history":[{"count":0,"href":"https:\/\/remtrak.pl\/index.php\/wp-json\/wp\/v2\/pages\/2485\/revisions"}],"up":[{"embeddable":true,"href":"https:\/\/remtrak.pl\/index.php\/wp-json\/wp\/v2\/pages\/1947"}],"wp:attachment":[{"href":"https:\/\/remtrak.pl\/index.php\/wp-json\/wp\/v2\/media?parent=2485"}],"curies":[{"name":"wp","href":"https:\/\/api.w.org\/{rel}","templated":true}]}}