{"id":1985,"date":"2023-04-14T10:55:55","date_gmt":"2023-04-14T08:55:55","guid":{"rendered":"https:\/\/remtrak.pl\/?page_id=1985"},"modified":"2023-05-02T13:34:32","modified_gmt":"2023-05-02T11:34:32","slug":"benefity","status":"publish","type":"page","link":"https:\/\/remtrak.pl\/index.php\/benefity\/","title":{"rendered":"BENEFITY"},"content":{"rendered":"\t\t<div data-elementor-type=\"wp-post\" data-elementor-id=\"1985\" class=\"elementor elementor-1985\" data-elementor-post-type=\"page\">\n\t\t\t\t\t\t<section data-particle_enable=\"false\" data-particle-mobile-disabled=\"false\" class=\"elementor-section elementor-top-section elementor-element elementor-element-2ceb30b elementor-section-boxed elementor-section-height-default elementor-section-height-default\" data-id=\"2ceb30b\" data-element_type=\"section\">\n\t\t\t\t\t\t<div class=\"elementor-container elementor-column-gap-default\">\n\t\t\t\t\t<div class=\"elementor-column elementor-col-100 elementor-top-column elementor-element elementor-element-e0166cd\" data-id=\"e0166cd\" data-element_type=\"column\">\n\t\t\t<div class=\"elementor-widget-wrap elementor-element-populated\">\n\t\t\t\t\t\t<div class=\"elementor-element elementor-element-0281177 elementor-widget elementor-widget-image\" data-id=\"0281177\" data-element_type=\"widget\" data-widget_type=\"image.default\">\n\t\t\t\t<div class=\"elementor-widget-container\">\n\t\t\t<style>\/*! elementor - v3.23.0 - 05-08-2024 *\/\n.elementor-widget-image{text-align:center}.elementor-widget-image a{display:inline-block}.elementor-widget-image a img[src$=\".svg\"]{width:48px}.elementor-widget-image img{vertical-align:middle;display:inline-block}<\/style>\t\t\t\t\t\t\t\t\t\t<img fetchpriority=\"high\" decoding=\"async\" width=\"2500\" height=\"524\" src=\"https:\/\/remtrak.pl\/wp-content\/uploads\/2023\/04\/s1.jpg\" class=\"attachment-full size-full wp-image-2297\" alt=\"\" srcset=\"https:\/\/remtrak.pl\/wp-content\/uploads\/2023\/04\/s1.jpg 2500w, https:\/\/remtrak.pl\/wp-content\/uploads\/2023\/04\/s1-300x63.jpg 300w, https:\/\/remtrak.pl\/wp-content\/uploads\/2023\/04\/s1-1024x215.jpg 1024w, https:\/\/remtrak.pl\/wp-content\/uploads\/2023\/04\/s1-768x161.jpg 768w, https:\/\/remtrak.pl\/wp-content\/uploads\/2023\/04\/s1-1536x322.jpg 1536w, https:\/\/remtrak.pl\/wp-content\/uploads\/2023\/04\/s1-2048x429.jpg 2048w\" sizes=\"(max-width: 2500px) 100vw, 2500px\" \/>\t\t\t\t\t\t\t\t\t\t\t\t\t<\/div>\n\t\t\t\t<\/div>\n\t\t\t\t<div class=\"elementor-element elementor-element-838c665 elementor-widget elementor-widget-image\" data-id=\"838c665\" data-element_type=\"widget\" data-widget_type=\"image.default\">\n\t\t\t\t<div class=\"elementor-widget-container\">\n\t\t\t\t\t\t\t\t\t\t\t\t\t\t<a href=\"https:\/\/remtrak.pl\/wp-content\/uploads\/2023\/04\/Yellow-Professional-Gradient-App-Development-Mind-Map-Graph-5.png\" data-elementor-open-lightbox=\"yes\" data-elementor-lightbox-title=\"profit\" data-e-action-hash=\"#elementor-action%3Aaction%3Dlightbox%26settings%3DeyJpZCI6MjM0MSwidXJsIjoiaHR0cHM6XC9cL3JlbXRyYWsucGxcL3dwLWNvbnRlbnRcL3VwbG9hZHNcLzIwMjNcLzA0XC9ZZWxsb3ctUHJvZmVzc2lvbmFsLUdyYWRpZW50LUFwcC1EZXZlbG9wbWVudC1NaW5kLU1hcC1HcmFwaC01LnBuZyJ9\">\n\t\t\t\t\t\t\t<img decoding=\"async\" width=\"1024\" height=\"768\" src=\"https:\/\/remtrak.pl\/wp-content\/uploads\/2023\/04\/Yellow-Professional-Gradient-App-Development-Mind-Map-Graph-5.png\" class=\"attachment-full size-full wp-image-2341\" alt=\"\" srcset=\"https:\/\/remtrak.pl\/wp-content\/uploads\/2023\/04\/Yellow-Professional-Gradient-App-Development-Mind-Map-Graph-5.png 1024w, https:\/\/remtrak.pl\/wp-content\/uploads\/2023\/04\/Yellow-Professional-Gradient-App-Development-Mind-Map-Graph-5-300x225.png 300w, https:\/\/remtrak.pl\/wp-content\/uploads\/2023\/04\/Yellow-Professional-Gradient-App-Development-Mind-Map-Graph-5-768x576.png 768w\" sizes=\"(max-width: 1024px) 100vw, 1024px\" \/>\t\t\t\t\t\t\t\t<\/a>\n\t\t\t\t\t\t\t\t\t\t\t\t\t<\/div>\n\t\t\t\t<\/div>\n\t\t\t\t\t<\/div>\n\t\t<\/div>\n\t\t\t\t\t<\/div>\n\t\t<\/section>\n\t\t\t\t<\/div>\n\t\t","protected":false},"excerpt":{"rendered":"","protected":false},"author":1,"featured_media":0,"parent":0,"menu_order":31,"comment_status":"closed","ping_status":"closed","template":"","meta":{"footnotes":""},"class_list":["post-1985","page","type-page","status-publish","hentry"],"yoast_head":"<!-- This site is optimized with the Yoast SEO plugin v26.6 - https:\/\/yoast.com\/wordpress\/plugins\/seo\/ -->\n<title>BENEFITY - PKP Intercity Remtrak Sp. z o.o.<\/title>\n<meta name=\"robots\" content=\"index, follow, max-snippet:-1, max-image-preview:large, max-video-preview:-1\" \/>\n<link rel=\"canonical\" href=\"https:\/\/remtrak.pl\/index.php\/benefity\/\" \/>\n<meta property=\"og:locale\" content=\"pl_PL\" \/>\n<meta property=\"og:type\" content=\"article\" \/>\n<meta property=\"og:title\" content=\"BENEFITY - PKP Intercity Remtrak Sp. z o.o.\" \/>\n<meta property=\"og:url\" content=\"https:\/\/remtrak.pl\/index.php\/benefity\/\" \/>\n<meta property=\"og:site_name\" content=\"PKP Intercity Remtrak Sp. z o.o.\" \/>\n<meta property=\"article:publisher\" content=\"https:\/\/www.facebook.com\/REMTRAK.Modernizacje.Naprawy.Wagony.Lokomotywy\/\" \/>\n<meta property=\"article:modified_time\" content=\"2023-05-02T11:34:32+00:00\" \/>\n<meta property=\"og:image\" content=\"https:\/\/remtrak.pl\/wp-content\/uploads\/2023\/04\/s1.jpg\" \/>\n<meta name=\"twitter:card\" content=\"summary_large_image\" \/>\n<script type=\"application\/ld+json\" class=\"yoast-schema-graph\">{\"@context\":\"https:\/\/schema.org\",\"@graph\":[{\"@type\":\"WebPage\",\"@id\":\"https:\/\/remtrak.pl\/index.php\/benefity\/\",\"url\":\"https:\/\/remtrak.pl\/index.php\/benefity\/\",\"name\":\"BENEFITY - PKP Intercity Remtrak Sp. z o.o.\",\"isPartOf\":{\"@id\":\"https:\/\/remtrak.pl\/#website\"},\"primaryImageOfPage\":{\"@id\":\"https:\/\/remtrak.pl\/index.php\/benefity\/#primaryimage\"},\"image\":{\"@id\":\"https:\/\/remtrak.pl\/index.php\/benefity\/#primaryimage\"},\"thumbnailUrl\":\"https:\/\/remtrak.pl\/wp-content\/uploads\/2023\/04\/s1.jpg\",\"datePublished\":\"2023-04-14T08:55:55+00:00\",\"dateModified\":\"2023-05-02T11:34:32+00:00\",\"breadcrumb\":{\"@id\":\"https:\/\/remtrak.pl\/index.php\/benefity\/#breadcrumb\"},\"inLanguage\":\"pl-PL\",\"potentialAction\":[{\"@type\":\"ReadAction\",\"target\":[\"https:\/\/remtrak.pl\/index.php\/benefity\/\"]}]},{\"@type\":\"ImageObject\",\"inLanguage\":\"pl-PL\",\"@id\":\"https:\/\/remtrak.pl\/index.php\/benefity\/#primaryimage\",\"url\":\"https:\/\/remtrak.pl\/wp-content\/uploads\/2023\/04\/s1.jpg\",\"contentUrl\":\"https:\/\/remtrak.pl\/wp-content\/uploads\/2023\/04\/s1.jpg\",\"width\":2500,\"height\":524},{\"@type\":\"BreadcrumbList\",\"@id\":\"https:\/\/remtrak.pl\/index.php\/benefity\/#breadcrumb\",\"itemListElement\":[{\"@type\":\"ListItem\",\"position\":1,\"name\":\"Strona g\u0142\u00f3wna\",\"item\":\"https:\/\/remtrak.pl\/\"},{\"@type\":\"ListItem\",\"position\":2,\"name\":\"BENEFITY\"}]},{\"@type\":\"WebSite\",\"@id\":\"https:\/\/remtrak.pl\/#website\",\"url\":\"https:\/\/remtrak.pl\/\",\"name\":\"PKP Intercity Remtrak Sp. z o.o.\",\"description\":\"PKP Intercity Remtrak Sp. z o.o. (wcze\u015bniej Zak\u0142ad Us\u0142ug Taborowych REMTRAK Sp. z o.o.) istnieje od 2000 roku. Dzi\u0119ki wizji oraz determinacji, ewoluuj\u0105c od lokalnego, ma\u0142ego zaplecza remontowego, poprzez zak\u0142ad specjalizuj\u0105cy si\u0119 w naprawach pasa\u017cerskiego taboru kolejowego, w tym wagon\u00f3w i lokomotyw. Aktualnie dzia\u0142amy w strukturze regionalnych Zak\u0142ad\u00f3w Produkcyjnych, zlokalizowanych w Libiszowie (dawniej Idzikowice) k. Opoczna, Warszawie Groch\u00f3w i Opolu, wspieranych przez Central\u0119 Sp\u00f3\u0142ki w Libiszowie, a tak\u017ce poprzez centra kadrowo-administracyjno-finansowe w Warszawie i Toruniu. Siedziba Sp\u00f3\u0142ki to Libisz\u00f3w 104, 26-300 Opoczno. Specjalizujemy si\u0119 w wysokiej jako\u015bci naprawach pasa\u017cerskiego taboru kolejowego. Nasze do\u015bwiadczenie, wykwalifikowana kadra i sprawdzona  \\t\\t\\t  technologia napraw pozwalaj\u0105 zaoferowa\u0107 konkurencyjne warunki w coraz szerszym zakresie us\u0142ug, dostosowanych do potrzeb naszych klient\u00f3w.\",\"publisher\":{\"@id\":\"https:\/\/remtrak.pl\/#organization\"},\"alternateName\":\"PKP IC Remtrak\",\"potentialAction\":[{\"@type\":\"SearchAction\",\"target\":{\"@type\":\"EntryPoint\",\"urlTemplate\":\"https:\/\/remtrak.pl\/?s={search_term_string}\"},\"query-input\":{\"@type\":\"PropertyValueSpecification\",\"valueRequired\":true,\"valueName\":\"search_term_string\"}}],\"inLanguage\":\"pl-PL\"},{\"@type\":\"Organization\",\"@id\":\"https:\/\/remtrak.pl\/#organization\",\"name\":\"PKP Intercity Remtrak Sp\u00f3\u0142ka z ograniczon\u0105 odpowiedzialno\u015bci\u0105\",\"alternateName\":\"PKP IC Remtrak\",\"url\":\"https:\/\/remtrak.pl\/\",\"logo\":{\"@type\":\"ImageObject\",\"inLanguage\":\"pl-PL\",\"@id\":\"https:\/\/remtrak.pl\/#\/schema\/logo\/image\/\",\"url\":\"https:\/\/remtrak.pl\/wp-content\/uploads\/2023\/03\/logo-2.png\",\"contentUrl\":\"https:\/\/remtrak.pl\/wp-content\/uploads\/2023\/03\/logo-2.png\",\"width\":1536,\"height\":583,\"caption\":\"PKP Intercity Remtrak Sp\u00f3\u0142ka z ograniczon\u0105 odpowiedzialno\u015bci\u0105\"},\"image\":{\"@id\":\"https:\/\/remtrak.pl\/#\/schema\/logo\/image\/\"},\"sameAs\":[\"https:\/\/www.facebook.com\/REMTRAK.Modernizacje.Naprawy.Wagony.Lokomotywy\/\"]}]}<\/script>\n<!-- \/ Yoast SEO plugin. -->","yoast_head_json":{"title":"BENEFITY - PKP Intercity Remtrak Sp. z o.o.","robots":{"index":"index","follow":"follow","max-snippet":"max-snippet:-1","max-image-preview":"max-image-preview:large","max-video-preview":"max-video-preview:-1"},"canonical":"https:\/\/remtrak.pl\/index.php\/benefity\/","og_locale":"pl_PL","og_type":"article","og_title":"BENEFITY - PKP Intercity Remtrak Sp. z o.o.","og_url":"https:\/\/remtrak.pl\/index.php\/benefity\/","og_site_name":"PKP Intercity Remtrak Sp. z o.o.","article_publisher":"https:\/\/www.facebook.com\/REMTRAK.Modernizacje.Naprawy.Wagony.Lokomotywy\/","article_modified_time":"2023-05-02T11:34:32+00:00","og_image":[{"url":"https:\/\/remtrak.pl\/wp-content\/uploads\/2023\/04\/s1.jpg","type":"","width":"","height":""}],"twitter_card":"summary_large_image","schema":{"@context":"https:\/\/schema.org","@graph":[{"@type":"WebPage","@id":"https:\/\/remtrak.pl\/index.php\/benefity\/","url":"https:\/\/remtrak.pl\/index.php\/benefity\/","name":"BENEFITY - PKP Intercity Remtrak Sp. z o.o.","isPartOf":{"@id":"https:\/\/remtrak.pl\/#website"},"primaryImageOfPage":{"@id":"https:\/\/remtrak.pl\/index.php\/benefity\/#primaryimage"},"image":{"@id":"https:\/\/remtrak.pl\/index.php\/benefity\/#primaryimage"},"thumbnailUrl":"https:\/\/remtrak.pl\/wp-content\/uploads\/2023\/04\/s1.jpg","datePublished":"2023-04-14T08:55:55+00:00","dateModified":"2023-05-02T11:34:32+00:00","breadcrumb":{"@id":"https:\/\/remtrak.pl\/index.php\/benefity\/#breadcrumb"},"inLanguage":"pl-PL","potentialAction":[{"@type":"ReadAction","target":["https:\/\/remtrak.pl\/index.php\/benefity\/"]}]},{"@type":"ImageObject","inLanguage":"pl-PL","@id":"https:\/\/remtrak.pl\/index.php\/benefity\/#primaryimage","url":"https:\/\/remtrak.pl\/wp-content\/uploads\/2023\/04\/s1.jpg","contentUrl":"https:\/\/remtrak.pl\/wp-content\/uploads\/2023\/04\/s1.jpg","width":2500,"height":524},{"@type":"BreadcrumbList","@id":"https:\/\/remtrak.pl\/index.php\/benefity\/#breadcrumb","itemListElement":[{"@type":"ListItem","position":1,"name":"Strona g\u0142\u00f3wna","item":"https:\/\/remtrak.pl\/"},{"@type":"ListItem","position":2,"name":"BENEFITY"}]},{"@type":"WebSite","@id":"https:\/\/remtrak.pl\/#website","url":"https:\/\/remtrak.pl\/","name":"PKP Intercity Remtrak Sp. z o.o.","description":"PKP Intercity Remtrak Sp. z o.o. (wcze\u015bniej Zak\u0142ad Us\u0142ug Taborowych REMTRAK Sp. z o.o.) istnieje od 2000 roku. Dzi\u0119ki wizji oraz determinacji, ewoluuj\u0105c od lokalnego, ma\u0142ego zaplecza remontowego, poprzez zak\u0142ad specjalizuj\u0105cy si\u0119 w naprawach pasa\u017cerskiego taboru kolejowego, w tym wagon\u00f3w i lokomotyw. Aktualnie dzia\u0142amy w strukturze regionalnych Zak\u0142ad\u00f3w Produkcyjnych, zlokalizowanych w Libiszowie (dawniej Idzikowice) k. Opoczna, Warszawie Groch\u00f3w i Opolu, wspieranych przez Central\u0119 Sp\u00f3\u0142ki w Libiszowie, a tak\u017ce poprzez centra kadrowo-administracyjno-finansowe w Warszawie i Toruniu. Siedziba Sp\u00f3\u0142ki to Libisz\u00f3w 104, 26-300 Opoczno. Specjalizujemy si\u0119 w wysokiej jako\u015bci naprawach pasa\u017cerskiego taboru kolejowego. Nasze do\u015bwiadczenie, wykwalifikowana kadra i sprawdzona  \t\t\t  technologia napraw pozwalaj\u0105 zaoferowa\u0107 konkurencyjne warunki w coraz szerszym zakresie us\u0142ug, dostosowanych do potrzeb naszych klient\u00f3w.","publisher":{"@id":"https:\/\/remtrak.pl\/#organization"},"alternateName":"PKP IC Remtrak","potentialAction":[{"@type":"SearchAction","target":{"@type":"EntryPoint","urlTemplate":"https:\/\/remtrak.pl\/?s={search_term_string}"},"query-input":{"@type":"PropertyValueSpecification","valueRequired":true,"valueName":"search_term_string"}}],"inLanguage":"pl-PL"},{"@type":"Organization","@id":"https:\/\/remtrak.pl\/#organization","name":"PKP Intercity Remtrak Sp\u00f3\u0142ka z ograniczon\u0105 odpowiedzialno\u015bci\u0105","alternateName":"PKP IC Remtrak","url":"https:\/\/remtrak.pl\/","logo":{"@type":"ImageObject","inLanguage":"pl-PL","@id":"https:\/\/remtrak.pl\/#\/schema\/logo\/image\/","url":"https:\/\/remtrak.pl\/wp-content\/uploads\/2023\/03\/logo-2.png","contentUrl":"https:\/\/remtrak.pl\/wp-content\/uploads\/2023\/03\/logo-2.png","width":1536,"height":583,"caption":"PKP Intercity Remtrak Sp\u00f3\u0142ka z ograniczon\u0105 odpowiedzialno\u015bci\u0105"},"image":{"@id":"https:\/\/remtrak.pl\/#\/schema\/logo\/image\/"},"sameAs":["https:\/\/www.facebook.com\/REMTRAK.Modernizacje.Naprawy.Wagony.Lokomotywy\/"]}]}},"_links":{"self":[{"href":"https:\/\/remtrak.pl\/index.php\/wp-json\/wp\/v2\/pages\/1985","targetHints":{"allow":["GET"]}}],"collection":[{"href":"https:\/\/remtrak.pl\/index.php\/wp-json\/wp\/v2\/pages"}],"about":[{"href":"https:\/\/remtrak.pl\/index.php\/wp-json\/wp\/v2\/types\/page"}],"author":[{"embeddable":true,"href":"https:\/\/remtrak.pl\/index.php\/wp-json\/wp\/v2\/users\/1"}],"replies":[{"embeddable":true,"href":"https:\/\/remtrak.pl\/index.php\/wp-json\/wp\/v2\/comments?post=1985"}],"version-history":[{"count":6,"href":"https:\/\/remtrak.pl\/index.php\/wp-json\/wp\/v2\/pages\/1985\/revisions"}],"predecessor-version":[{"id":3100,"href":"https:\/\/remtrak.pl\/index.php\/wp-json\/wp\/v2\/pages\/1985\/revisions\/3100"}],"wp:attachment":[{"href":"https:\/\/remtrak.pl\/index.php\/wp-json\/wp\/v2\/media?parent=1985"}],"curies":[{"name":"wp","href":"https:\/\/api.w.org\/{rel}","templated":true}]}}